{"id":2,"date":"2025-06-05T15:30:56","date_gmt":"2025-06-05T13:30:56","guid":{"rendered":"https:\/\/krocze.pl\/?page_id=2"},"modified":"2025-06-20T09:29:20","modified_gmt":"2025-06-20T07:29:20","slug":"przykladowa-strona","status":"publish","type":"page","link":"https:\/\/krocze.pl\/?page_id=2","title":{"rendered":"O nas"},"content":{"rendered":"\n<p>Jeste\u015bmy grup\u0105 os\u00f3b, dla kt\u00f3rych poczynania dzisiejszej sfery politycznej s\u0105, lekko ujmuj\u0105, nie w smak. <\/p>\n\n\n\n<p>B\u0119dziemy si\u0119 dzieli\u0107 naszymi przemy\u015bleniami, jako \u017ce lubimy my\u015ble\u0107 o sobie jako o think tanku. <\/p>\n\n\n\n<p>Raczej z przymru\u017ceniem oka, co najwa\u017cniejsze &#8211; wszelkie podobie\u0144stwo do os\u00f3b b\u0105d\u017a zdarze\u0144 zdaje si\u0119 by\u0107 przypadkowe.<\/p>\n\n\n\n<p>Do zobaczenia tu b\u0105d\u017a gdzie\u015b w publicznej przestrzeni internetowej.<\/p>\n","protected":false},"excerpt":{"rendered":"<p>Jeste\u015bmy grup\u0105 os\u00f3b, dla kt\u00f3rych poczynania dzisiejszej sfery politycznej s\u0105, lekko ujmuj\u0105, nie w smak. B\u0119dziemy si\u0119 dzieli\u0107 naszymi przemy\u015bleniami, jako \u017ce lubimy my\u015ble\u0107 o sobie jako o think tanku. Raczej z przymru\u017ceniem oka, co najwa\u017cniejsze &#8211; wszelkie podobie\u0144stwo do os\u00f3b b\u0105d\u017a zdarze\u0144 zdaje si\u0119 by\u0107 przypadkowe. Do zobaczenia tu b\u0105d\u017a gdzie\u015b w publicznej przestrzeni [&hellip;]<\/p>\n","protected":false},"author":1,"featured_media":0,"parent":0,"menu_order":0,"comment_status":"closed","ping_status":"open","template":"","meta":{"footnotes":""},"class_list":["post-2","page","type-page","status-publish","hentry"],"_links":{"self":[{"href":"https:\/\/krocze.pl\/index.php?rest_route=\/wp\/v2\/pages\/2","targetHints":{"allow":["GET"]}}],"collection":[{"href":"https:\/\/krocze.pl\/index.php?rest_route=\/wp\/v2\/pages"}],"about":[{"href":"https:\/\/krocze.pl\/index.php?rest_route=\/wp\/v2\/types\/page"}],"author":[{"embeddable":true,"href":"https:\/\/krocze.pl\/index.php?rest_route=\/wp\/v2\/users\/1"}],"replies":[{"embeddable":true,"href":"https:\/\/krocze.pl\/index.php?rest_route=%2Fwp%2Fv2%2Fcomments&post=2"}],"version-history":[{"count":2,"href":"https:\/\/krocze.pl\/index.php?rest_route=\/wp\/v2\/pages\/2\/revisions"}],"predecessor-version":[{"id":22,"href":"https:\/\/krocze.pl\/index.php?rest_route=\/wp\/v2\/pages\/2\/revisions\/22"}],"wp:attachment":[{"href":"https:\/\/krocze.pl\/index.php?rest_route=%2Fwp%2Fv2%2Fmedia&parent=2"}],"curies":[{"name":"wp","href":"https:\/\/api.w.org\/{rel}","templated":true}]}}